{"id":9,"date":"2020-04-28T18:13:00","date_gmt":"2020-04-28T18:13:00","guid":{"rendered":"http:\/\/qkll.gov.al\/?page_id=9"},"modified":"2025-05-21T08:54:15","modified_gmt":"2025-05-21T06:54:15","slug":"kontakt","status":"publish","type":"page","link":"https:\/\/qkll.gov.al\/?page_id=9","title":{"rendered":"Kontakt"},"content":{"rendered":"\r\n<p>Drejtues i institucionit: Alda Bardhyli<\/p>\r\n<p>E-mail: alda.bardhyli@qkll.gov.al<\/p>\r\n<p>Nr. kontakti i drejtuesit:\u00a0 067 266 3310<\/p>\r\n<p>Telefon: 0 45 2 629 582<\/p>\r\n<p>Adresa: Rruga Papa Gjon Pali II, 1005, Tiran\u00eb, Shqip\u00ebri<\/p>\r\n\r\n\r\n\r\n<h3 class=\"wp-block-heading\">Forma e kontaktit<\/h3>\r\n\r\n\r\n\r\n<p>P\u00ebrdorni form\u00ebn e m\u00ebposhtme t\u00eb kontaktit p\u00ebr t\u00eb na d\u00ebrguar nj\u00eb mesazh. Ne do t\u00eb lidhemi me ju brenda nj\u00eb kohe t\u00eb shkurt\u00ebr.<\/p>\r\n\r\n\r\n\r\n<p><em><span class=\"has-inline-color has-cyan-bluish-gray-color\">Informacioni i plot\u00ebsuar n\u00eb k\u00ebt\u00eb form\u00eb nuk do t\u00eb publikohet dhe nuk do t\u00eb ndahet me pal\u00eb t\u00eb treta.<\/span><\/em><\/p>\r\n\r\n\r\n\r\n[contact-form-7 id=&#8221;6241&#8243; title=&#8221;Forma e kontaktit&#8221;]\r\n\r\n\r\n\r\n<p>&nbsp;<\/p>\r\n","protected":false},"excerpt":{"rendered":"<p>Drejtues i institucionit: Alda Bardhyli E-mail: alda.bardhyli@qkll.gov.al Nr. kontakti i drejtuesit:\u00a0 067 266 3310 Telefon: 0 45 2 629 582 Adresa: Rruga Papa Gjon Pali II, 1005, Tiran\u00eb, Shqip\u00ebri Forma e kontaktit P\u00ebrdorni form\u00ebn e m\u00ebposhtme t\u00eb kontaktit p\u00ebr t\u00eb na d\u00ebrguar nj\u00eb mesazh. Ne do t\u00eb lidhemi me ju brenda nj\u00eb kohe t\u00eb shkurt\u00ebr. &hellip;<\/p>\n","protected":false},"author":1,"featured_media":0,"parent":0,"menu_order":0,"comment_status":"closed","ping_status":"closed","template":"","meta":{"footnotes":""},"class_list":["post-9","page","type-page","status-publish","hentry"],"_links":{"self":[{"href":"https:\/\/qkll.gov.al\/index.php?rest_route=\/wp\/v2\/pages\/9","targetHints":{"allow":["GET"]}}],"collection":[{"href":"https:\/\/qkll.gov.al\/index.php?rest_route=\/wp\/v2\/pages"}],"about":[{"href":"https:\/\/qkll.gov.al\/index.php?rest_route=\/wp\/v2\/types\/page"}],"author":[{"embeddable":true,"href":"https:\/\/qkll.gov.al\/index.php?rest_route=\/wp\/v2\/users\/1"}],"replies":[{"embeddable":true,"href":"https:\/\/qkll.gov.al\/index.php?rest_route=%2Fwp%2Fv2%2Fcomments&post=9"}],"version-history":[{"count":15,"href":"https:\/\/qkll.gov.al\/index.php?rest_route=\/wp\/v2\/pages\/9\/revisions"}],"predecessor-version":[{"id":11475,"href":"https:\/\/qkll.gov.al\/index.php?rest_route=\/wp\/v2\/pages\/9\/revisions\/11475"}],"wp:attachment":[{"href":"https:\/\/qkll.gov.al\/index.php?rest_route=%2Fwp%2Fv2%2Fmedia&parent=9"}],"curies":[{"name":"wp","href":"https:\/\/api.w.org\/{rel}","templated":true}]}}