{"id":7852,"date":"2021-06-02T14:10:41","date_gmt":"2021-06-02T12:10:41","guid":{"rendered":"https:\/\/qkll.gov.al\/?page_id=7852"},"modified":"2025-01-22T12:08:58","modified_gmt":"2025-01-22T11:08:58","slug":"koordinatori-per-te-drejten-e-informimit","status":"publish","type":"page","link":"https:\/\/qkll.gov.al\/?page_id=7852","title":{"rendered":"Koordinatori p\u00ebr t\u00eb drejt\u00ebn e informimit"},"content":{"rendered":"<p><strong>Koordinatori p\u00ebr t\u00eb drejt\u00ebn e informimit t\u00eb QKLL-s\u00eb:<\/strong><\/p>\n<p><em>Z. Robert Prifti<\/em><\/p>\n<p><strong>Email:<\/strong> robert.prifti@qkll.gov.al<\/p>\n<p><strong>Adresa:<\/strong> Rruga \u201cGjon Pali II\u201d, nr. 1010, Tiran\u00eb, Shqip\u00ebri<\/p>\n<p><strong>Orari:<\/strong> E h\u00ebn\u00eb &#8211; e premte 08:00 &#8211; 16:00<\/p>\n","protected":false},"excerpt":{"rendered":"<p>Koordinatori p\u00ebr t\u00eb drejt\u00ebn e informimit t\u00eb QKLL-s\u00eb: Z. Robert Prifti Email: robert.prifti@qkll.gov.al Adresa: Rruga \u201cGjon Pali II\u201d, nr. 1010, Tiran\u00eb, Shqip\u00ebri Orari: E h\u00ebn\u00eb &#8211; e premte 08:00 &#8211; 16:00<\/p>\n","protected":false},"author":1,"featured_media":0,"parent":0,"menu_order":0,"comment_status":"closed","ping_status":"closed","template":"","meta":{"footnotes":""},"class_list":["post-7852","page","type-page","status-publish","hentry"],"_links":{"self":[{"href":"https:\/\/qkll.gov.al\/index.php?rest_route=\/wp\/v2\/pages\/7852","targetHints":{"allow":["GET"]}}],"collection":[{"href":"https:\/\/qkll.gov.al\/index.php?rest_route=\/wp\/v2\/pages"}],"about":[{"href":"https:\/\/qkll.gov.al\/index.php?rest_route=\/wp\/v2\/types\/page"}],"author":[{"embeddable":true,"href":"https:\/\/qkll.gov.al\/index.php?rest_route=\/wp\/v2\/users\/1"}],"replies":[{"embeddable":true,"href":"https:\/\/qkll.gov.al\/index.php?rest_route=%2Fwp%2Fv2%2Fcomments&post=7852"}],"version-history":[{"count":7,"href":"https:\/\/qkll.gov.al\/index.php?rest_route=\/wp\/v2\/pages\/7852\/revisions"}],"predecessor-version":[{"id":11023,"href":"https:\/\/qkll.gov.al\/index.php?rest_route=\/wp\/v2\/pages\/7852\/revisions\/11023"}],"wp:attachment":[{"href":"https:\/\/qkll.gov.al\/index.php?rest_route=%2Fwp%2Fv2%2Fmedia&parent=7852"}],"curies":[{"name":"wp","href":"https:\/\/api.w.org\/{rel}","templated":true}]}}