{"id":7336,"date":"2020-01-02T10:39:38","date_gmt":"2020-01-02T09:39:38","guid":{"rendered":"https:\/\/qkll.gov.al\/?page_id=7336"},"modified":"2023-04-19T10:54:27","modified_gmt":"2023-04-19T08:54:27","slug":"organigrama","status":"publish","type":"page","link":"https:\/\/qkll.gov.al\/?page_id=7336","title":{"rendered":"Struktura e Organik\u00ebs s\u00eb QKLL-s\u00eb"},"content":{"rendered":"<p><a href=\"https:\/\/qkll.gov.al\/wp-content\/uploads\/2021\/02\/Struktura-2019-QKLL.pdf\">Struktura e Organik\u00ebs s\u00eb QKLL-s\u00eb<\/a><\/p>\n","protected":false},"excerpt":{"rendered":"<p>Struktura e Organik\u00ebs s\u00eb QKLL-s\u00eb<\/p>\n","protected":false},"author":1,"featured_media":0,"parent":5984,"menu_order":2,"comment_status":"closed","ping_status":"closed","template":"","meta":{"footnotes":""},"class_list":["post-7336","page","type-page","status-publish","hentry"],"_links":{"self":[{"href":"https:\/\/qkll.gov.al\/index.php?rest_route=\/wp\/v2\/pages\/7336","targetHints":{"allow":["GET"]}}],"collection":[{"href":"https:\/\/qkll.gov.al\/index.php?rest_route=\/wp\/v2\/pages"}],"about":[{"href":"https:\/\/qkll.gov.al\/index.php?rest_route=\/wp\/v2\/types\/page"}],"author":[{"embeddable":true,"href":"https:\/\/qkll.gov.al\/index.php?rest_route=\/wp\/v2\/users\/1"}],"replies":[{"embeddable":true,"href":"https:\/\/qkll.gov.al\/index.php?rest_route=%2Fwp%2Fv2%2Fcomments&post=7336"}],"version-history":[{"count":3,"href":"https:\/\/qkll.gov.al\/index.php?rest_route=\/wp\/v2\/pages\/7336\/revisions"}],"predecessor-version":[{"id":7340,"href":"https:\/\/qkll.gov.al\/index.php?rest_route=\/wp\/v2\/pages\/7336\/revisions\/7340"}],"up":[{"embeddable":true,"href":"https:\/\/qkll.gov.al\/index.php?rest_route=\/wp\/v2\/pages\/5984"}],"wp:attachment":[{"href":"https:\/\/qkll.gov.al\/index.php?rest_route=%2Fwp%2Fv2%2Fmedia&parent=7336"}],"curies":[{"name":"wp","href":"https:\/\/api.w.org\/{rel}","templated":true}]}}