{"id":6294,"date":"2020-05-07T22:09:47","date_gmt":"2020-05-07T20:09:47","guid":{"rendered":"https:\/\/qkll.gov.al\/?page_id=6294"},"modified":"2020-05-14T22:33:48","modified_gmt":"2020-05-14T20:33:48","slug":"ligji-per-librin","status":"publish","type":"page","link":"https:\/\/qkll.gov.al\/?page_id=6294","title":{"rendered":"Ligji p\u00ebr Librin"},"content":{"rendered":"<p><a href=\"https:\/\/qkll.gov.al\/wp-content\/uploads\/2020\/05\/ligji-per-librin-ne-rep-e-shqiperise.pdf\">Ligji p\u00ebr librin n\u00eb Republik\u00ebn e Shqiperis\u00eb<\/a><\/p>\n<p><a href=\"https:\/\/qkll.gov.al\/wp-content\/uploads\/2020\/05\/Projektligji-p\u00ebr-disa-ndryshime-dhe-shtesa-n\u00eb-ligjin-Nr.-9616-dat\u00eb-27.9.2018-P\u00ebr-Librin-n\u00eb-Republik\u00ebn-e-Shqip\u00ebris\u00eb.pdf\">Projektligji p\u00ebr disa ndryshime dhe shtesa n\u00eb ligjin Nr. 9616 dat\u00eb 27 09 2018 p\u00ebr librin n\u00eb Republik\u00ebn e Shqip\u00ebris\u00eb<\/a><\/p>\n<p><a href=\"https:\/\/qkll.gov.al\/wp-content\/uploads\/2020\/05\/RENJK-113-Relacion-i-projektligjit-te-librit-nentor-2018.pdf\">RENJK 113 Relacion i projektligjit t\u00eb librit N\u00ebntor 2018<\/a><\/p>\n<p>&nbsp;<\/p>\n","protected":false},"excerpt":{"rendered":"<p>Ligji p\u00ebr librin n\u00eb Republik\u00ebn e Shqiperis\u00eb Projektligji p\u00ebr disa ndryshime dhe shtesa n\u00eb ligjin Nr. 9616 dat\u00eb 27 09 2018 p\u00ebr librin n\u00eb Republik\u00ebn e Shqip\u00ebris\u00eb RENJK 113 Relacion i projektligjit t\u00eb librit N\u00ebntor 2018 &nbsp;<\/p>\n","protected":false},"author":1,"featured_media":0,"parent":6292,"menu_order":0,"comment_status":"closed","ping_status":"closed","template":"","meta":{"footnotes":""},"class_list":["post-6294","page","type-page","status-publish","hentry"],"_links":{"self":[{"href":"https:\/\/qkll.gov.al\/index.php?rest_route=\/wp\/v2\/pages\/6294","targetHints":{"allow":["GET"]}}],"collection":[{"href":"https:\/\/qkll.gov.al\/index.php?rest_route=\/wp\/v2\/pages"}],"about":[{"href":"https:\/\/qkll.gov.al\/index.php?rest_route=\/wp\/v2\/types\/page"}],"author":[{"embeddable":true,"href":"https:\/\/qkll.gov.al\/index.php?rest_route=\/wp\/v2\/users\/1"}],"replies":[{"embeddable":true,"href":"https:\/\/qkll.gov.al\/index.php?rest_route=%2Fwp%2Fv2%2Fcomments&post=6294"}],"version-history":[{"count":5,"href":"https:\/\/qkll.gov.al\/index.php?rest_route=\/wp\/v2\/pages\/6294\/revisions"}],"predecessor-version":[{"id":11015,"href":"https:\/\/qkll.gov.al\/index.php?rest_route=\/wp\/v2\/pages\/6294\/revisions\/11015"}],"up":[{"embeddable":true,"href":"https:\/\/qkll.gov.al\/index.php?rest_route=\/wp\/v2\/pages\/6292"}],"wp:attachment":[{"href":"https:\/\/qkll.gov.al\/index.php?rest_route=%2Fwp%2Fv2%2Fmedia&parent=6294"}],"curies":[{"name":"wp","href":"https:\/\/api.w.org\/{rel}","templated":true}]}}