{"id":6269,"date":"2020-05-07T21:52:54","date_gmt":"2020-05-07T19:52:54","guid":{"rendered":"https:\/\/qkll.gov.al\/?page_id=6269"},"modified":"2025-05-06T23:02:02","modified_gmt":"2025-05-06T21:02:02","slug":"drejtori","status":"publish","type":"page","link":"https:\/\/qkll.gov.al\/?page_id=6269","title":{"rendered":"Drejtori"},"content":{"rendered":"<p><img fetchpriority=\"high\" decoding=\"async\" class=\"wp-image-11422  alignleft\" src=\"https:\/\/qkll.gov.al\/wp-content\/uploads\/2025\/05\/WhatsApp-Image-2025-05-06-at-22.55.02-300x300.jpeg\" alt=\"\" width=\"561\" height=\"561\" srcset=\"https:\/\/qkll.gov.al\/wp-content\/uploads\/2025\/05\/WhatsApp-Image-2025-05-06-at-22.55.02-300x300.jpeg 300w, https:\/\/qkll.gov.al\/wp-content\/uploads\/2025\/05\/WhatsApp-Image-2025-05-06-at-22.55.02-1024x1024.jpeg 1024w, https:\/\/qkll.gov.al\/wp-content\/uploads\/2025\/05\/WhatsApp-Image-2025-05-06-at-22.55.02-150x150.jpeg 150w, https:\/\/qkll.gov.al\/wp-content\/uploads\/2025\/05\/WhatsApp-Image-2025-05-06-at-22.55.02-768x768.jpeg 768w, https:\/\/qkll.gov.al\/wp-content\/uploads\/2025\/05\/WhatsApp-Image-2025-05-06-at-22.55.02.jpeg 1278w\" sizes=\"(max-width: 561px) 100vw, 561px\" \/><\/p>\n<p style=\"text-align: center;\"><strong>Alda Bardhyli<\/strong><\/p>\n<p>Alda Bardhyli ka kryer studimet universitare n\u00eb Fakultetin e Histori-Filologjis\u00eb, dega Let\u00ebrsi, UT. Ka nisur pun\u00ebn si gazetare e kultur\u00ebs n\u00eb vitin 2000 n\u00eb gazetat \u201cAlbania\u201d dhe \u201cDita\u201d, nd\u00ebrsa m\u00eb pas ka qen\u00eb redaktore e kultur\u00ebs n\u00eb gazet\u00ebn \u201cShqip\u201d. Bardhyli ka punuar p\u00ebr 10 vite si korrespondente nga Shqip\u00ebria p\u00ebr gazet\u00ebn \u201cKoha Ditore\u201d, duke p\u00ebrcjell\u00eb intervista, analiza e raportime mbi politik\u00ebn, ekonomin\u00eb dhe kultur\u00ebn.<\/p>\n<p>N\u00eb vitin 2009, em\u00ebrohet si drejtore e Botimeve \u201c55\u201d, duke dh\u00ebn\u00eb kontributin p\u00ebr t\u00eb sjell\u00eb n\u00eb gjuh\u00ebn shqipe vepra dhe autor\u00eb t\u00eb r\u00ebnd\u00ebsish\u00ebm t\u00eb mendimit politik e historik. N\u00eb vitin 2014 punon si drejtuese e sht\u00ebpis\u00eb botuese \u201cSaras\u201d, nj\u00eb ent botues i cili kishte n\u00eb fokus let\u00ebrsin\u00eb bashk\u00ebkohore, dhe e mban k\u00ebt\u00eb post deri n\u00eb vitin 2017. Po n\u00eb k\u00ebt\u00eb vit ajo em\u00ebrohet Drejtore e Botimeve \u201cUET PRESS\u201d si dhe e Institutit t\u00eb Studimeve \u201cKadare\u201d pran\u00eb Universitetit Europian t\u00eb Tiran\u00ebs. Ajo \u00ebsht\u00eb gjithashtu lektore e Semiotik\u00ebs n\u00eb UET.<\/p>\n<p>Alda Bardhyli \u00ebsht\u00eb autore e shum\u00eb shkrimeve kritike dhe letrare me n\u00eb fokus librin dhe kultur\u00ebn, si edhe organizuese e aktiviteteve publike kushtuar librit. Ajo \u00ebsht\u00eb redaktore e mbi 50 librave artistik\u00eb, studimor\u00eb dhe historik\u00eb t\u00eb autor\u00ebve t\u00eb r\u00ebnd\u00ebsish\u00ebm t\u00eb let\u00ebrsis\u00eb bot\u00ebrore, por edhe asaj shqipe.<\/p>\n<p>Prej vitit 2020 \u00ebsht\u00eb an\u00ebtare e K\u00ebshillit t\u00eb Botimit t\u00eb Akademis\u00eb s\u00eb Shkencave t\u00eb Shqip\u00ebris\u00eb. Ka qen\u00eb an\u00ebtare jurie n\u00eb konkurse komb\u00ebtare e nd\u00ebrkomb\u00ebtare si:<\/p>\n<p>\u201c\u00c7mimet Komb\u00ebtare Letrare p\u00ebr vitin 2019\u201d (Kryetare jurie); \u201cTirana International Film Festival\u201d (2016); \u00c7mimi \u201cArdian Klosi\u201d (2016); \u00c7mimi letrar \u201cKadare\u201d (2019); \u00c7mimi \u201cVexhi Buharaja\u201d (2021). Bardhyli \u00ebsht\u00eb gjithashtu edhe an\u00ebtare e K\u00ebshillit t\u00eb Filmit t\u00eb animuar, pran\u00eb Qendr\u00ebs Kinematografike (2017-2020)<\/p>\n<p>Nd\u00ebr botimet me autor\u00ebsin\u00eb e Alda Bardhylit p\u00ebrmendim:<\/p>\n<ol>\n<li>\u201cLet\u00ebrsia e turpit\u201d (Studime), UET PRESS<\/li>\n<li>\u201cMaks Velo &#8211; Jet\u00eb paralele\u201d (Botimi i dosjes s\u00eb p\u00ebrndjekjes s\u00eb artistit nga Sigurimi, shoq\u00ebruar me nj\u00eb bised\u00eb mbi artin n\u00ebn diktatur\u00eb) \u2013 UET PRESS;<\/li>\n<li>\u201cAdrian Civici, dialog n\u00eb tri koh\u00eb\u201d \u2013 Onufri;<\/li>\n<li>\u201cNj\u00eb dialog i pambaruar me Kim Mehmetin\u201d \u2013Logos-A;<\/li>\n<li>\u201cKoh\u00eb p\u00ebr rr\u00ebfim &#8211; Dialog me Ismail Kadaren\u00eb\u201d \u2013 Onufri.<\/li>\n<\/ol>\n<p>Nd\u00ebr librat e p\u00ebrkthyer: \u201cNj\u00eb dashuri transatlantike\u201d, Simone De Beauvoir.<\/p>\n","protected":false},"excerpt":{"rendered":"<p>Alda Bardhyli Alda Bardhyli ka kryer studimet universitare n\u00eb Fakultetin e Histori-Filologjis\u00eb, dega Let\u00ebrsi, UT. Ka nisur pun\u00ebn si gazetare e kultur\u00ebs n\u00eb vitin 2000 n\u00eb gazetat \u201cAlbania\u201d dhe \u201cDita\u201d, nd\u00ebrsa m\u00eb pas ka qen\u00eb redaktore e kultur\u00ebs n\u00eb gazet\u00ebn \u201cShqip\u201d. Bardhyli ka punuar p\u00ebr 10 vite si korrespondente nga Shqip\u00ebria p\u00ebr gazet\u00ebn \u201cKoha Ditore\u201d, &hellip;<\/p>\n","protected":false},"author":1,"featured_media":11422,"parent":5984,"menu_order":0,"comment_status":"closed","ping_status":"closed","template":"","meta":{"footnotes":""},"class_list":["post-6269","page","type-page","status-publish","has-post-thumbnail","hentry"],"_links":{"self":[{"href":"https:\/\/qkll.gov.al\/index.php?rest_route=\/wp\/v2\/pages\/6269","targetHints":{"allow":["GET"]}}],"collection":[{"href":"https:\/\/qkll.gov.al\/index.php?rest_route=\/wp\/v2\/pages"}],"about":[{"href":"https:\/\/qkll.gov.al\/index.php?rest_route=\/wp\/v2\/types\/page"}],"author":[{"embeddable":true,"href":"https:\/\/qkll.gov.al\/index.php?rest_route=\/wp\/v2\/users\/1"}],"replies":[{"embeddable":true,"href":"https:\/\/qkll.gov.al\/index.php?rest_route=%2Fwp%2Fv2%2Fcomments&post=6269"}],"version-history":[{"count":15,"href":"https:\/\/qkll.gov.al\/index.php?rest_route=\/wp\/v2\/pages\/6269\/revisions"}],"predecessor-version":[{"id":11432,"href":"https:\/\/qkll.gov.al\/index.php?rest_route=\/wp\/v2\/pages\/6269\/revisions\/11432"}],"up":[{"embeddable":true,"href":"https:\/\/qkll.gov.al\/index.php?rest_route=\/wp\/v2\/pages\/5984"}],"wp:featuredmedia":[{"embeddable":true,"href":"https:\/\/qkll.gov.al\/index.php?rest_route=\/wp\/v2\/media\/11422"}],"wp:attachment":[{"href":"https:\/\/qkll.gov.al\/index.php?rest_route=%2Fwp%2Fv2%2Fmedia&parent=6269"}],"curies":[{"name":"wp","href":"https:\/\/api.w.org\/{rel}","templated":true}]}}